{"id":23842,"date":"2022-10-28T08:16:54","date_gmt":"2022-10-28T06:16:54","guid":{"rendered":"https:\/\/sigma-lampy.com.pl\/oferta\/sfera-lampa-podlogowa-bialy-miedziany\/"},"modified":"2023-11-15T08:53:36","modified_gmt":"2023-11-15T07:53:36","slug":"sfera-lampa-podlogowa-bialy-miedziany","status":"publish","type":"product","link":"https:\/\/sigma-lampy.com.pl\/en\/oferta\/sfera-lampa-podlogowa-bialy-miedziany\/","title":{"rendered":"SFERA lampa pod\u0142ogowa BIA\u0141Y MIEDZIANY"},"content":{"rendered":"","protected":false},"excerpt":{"rendered":"[opis_en]\n","protected":false},"featured_media":22499,"template":"","meta":[],"product_cat":[691,407],"product_tag":[],"acf":{"product_code":"50334","product_color":"white, cooper","product_material":"mineral composite \/ painted steel","light_source":"2x E27 max 60W","light_color":"","luminous_flux":"","voltage":"","protection_class":"IP20","protection_index":"","product_weight":"4.50","dimmensions":"60 x 35 x 156 cm","shade_dimmensions":"","regulated_hight":"","installation":"w\u0142\u0105cznik na przewodzie","installation_custom":"","split":"nie","type":"lampa pod\u0142ogowa","additional_info":"","description":"","video_title":"","video_embed":""},"yoast_head":"<!-- This site is optimized with the Yoast SEO plugin v21.7 - https:\/\/yoast.com\/wordpress\/plugins\/seo\/ -->\n<title>SFERA lampa pod\u0142ogowa BIA\u0141Y MIEDZIANY - Sigma<\/title>\n<meta name=\"robots\" content=\"index, follow, max-snippet:-1, max-image-preview:large, max-video-preview:-1\" \/>\n<link rel=\"canonical\" href=\"https:\/\/sigma-lampy.com.pl\/en\/oferta\/sfera-lampa-podlogowa-bialy-miedziany\/\" \/>\n<meta property=\"og:locale\" content=\"en_US\" \/>\n<meta property=\"og:type\" content=\"article\" \/>\n<meta property=\"og:title\" content=\"SFERA lampa pod\u0142ogowa BIA\u0141Y MIEDZIANY - Sigma\" \/>\n<meta property=\"og:url\" content=\"https:\/\/sigma-lampy.com.pl\/en\/oferta\/sfera-lampa-podlogowa-bialy-miedziany\/\" \/>\n<meta property=\"og:site_name\" content=\"Sigma\" \/>\n<meta property=\"article:modified_time\" content=\"2023-11-15T07:53:36+00:00\" \/>\n<meta property=\"og:image\" content=\"https:\/\/sigma-lampy.com.pl\/wp-content\/uploads\/50334-SFERA-lampa-pod\u0142ogowa-bia\u0142o-miedziana-1.jpg\" \/>\n\t<meta property=\"og:image:width\" content=\"685\" \/>\n\t<meta property=\"og:image:height\" content=\"1200\" \/>\n\t<meta property=\"og:image:type\" content=\"image\/jpeg\" \/>\n<meta name=\"twitter:card\" content=\"summary_large_image\" \/>\n<meta name=\"twitter:description\" content=\"[opis_en]\" \/>\n<script type=\"application\/ld+json\" class=\"yoast-schema-graph\">{\"@context\":\"https:\/\/schema.org\",\"@graph\":[{\"@type\":\"WebPage\",\"@id\":\"https:\/\/sigma-lampy.com.pl\/en\/oferta\/sfera-lampa-podlogowa-bialy-miedziany\/\",\"url\":\"https:\/\/sigma-lampy.com.pl\/en\/oferta\/sfera-lampa-podlogowa-bialy-miedziany\/\",\"name\":\"SFERA lampa pod\u0142ogowa BIA\u0141Y MIEDZIANY - Sigma\",\"isPartOf\":{\"@id\":\"https:\/\/sigma-lampy.com.pl\/#website\"},\"datePublished\":\"2022-10-28T06:16:54+00:00\",\"dateModified\":\"2023-11-15T07:53:36+00:00\",\"breadcrumb\":{\"@id\":\"https:\/\/sigma-lampy.com.pl\/en\/oferta\/sfera-lampa-podlogowa-bialy-miedziany\/#breadcrumb\"},\"inLanguage\":\"en-US\",\"potentialAction\":[{\"@type\":\"ReadAction\",\"target\":[\"https:\/\/sigma-lampy.com.pl\/en\/oferta\/sfera-lampa-podlogowa-bialy-miedziany\/\"]}]},{\"@type\":\"BreadcrumbList\",\"@id\":\"https:\/\/sigma-lampy.com.pl\/en\/oferta\/sfera-lampa-podlogowa-bialy-miedziany\/#breadcrumb\",\"itemListElement\":[{\"@type\":\"ListItem\",\"position\":1,\"name\":\"Strona g\u0142\u00f3wna\",\"item\":\"https:\/\/sigma-lampy.com.pl\/en\/\"},{\"@type\":\"ListItem\",\"position\":2,\"name\":\"Offer\",\"item\":\"https:\/\/sigma-lampy.com.pl\/en\/offer\/\"},{\"@type\":\"ListItem\",\"position\":3,\"name\":\"SFERA lampa pod\u0142ogowa BIA\u0141Y MIEDZIANY\"}]},{\"@type\":\"WebSite\",\"@id\":\"https:\/\/sigma-lampy.com.pl\/#website\",\"url\":\"https:\/\/sigma-lampy.com.pl\/\",\"name\":\"Sigma\",\"description\":\"Producent Lamp\",\"publisher\":{\"@id\":\"https:\/\/sigma-lampy.com.pl\/#organization\"},\"potentialAction\":[{\"@type\":\"SearchAction\",\"target\":{\"@type\":\"EntryPoint\",\"urlTemplate\":\"https:\/\/sigma-lampy.com.pl\/?s={search_term_string}\"},\"query-input\":\"required name=search_term_string\"}],\"inLanguage\":\"en-US\"},{\"@type\":\"Organization\",\"@id\":\"https:\/\/sigma-lampy.com.pl\/#organization\",\"name\":\"Sigma\",\"url\":\"https:\/\/sigma-lampy.com.pl\/\",\"logo\":{\"@type\":\"ImageObject\",\"inLanguage\":\"en-US\",\"@id\":\"https:\/\/sigma-lampy.com.pl\/#\/schema\/logo\/image\/\",\"url\":\"https:\/\/sigma-lampy.com.pl\/wp-content\/uploads\/sigma-logo.svg\",\"contentUrl\":\"https:\/\/sigma-lampy.com.pl\/wp-content\/uploads\/sigma-logo.svg\",\"width\":425.2,\"height\":425.2,\"caption\":\"Sigma\"},\"image\":{\"@id\":\"https:\/\/sigma-lampy.com.pl\/#\/schema\/logo\/image\/\"}}]}<\/script>\n<!-- \/ Yoast SEO plugin. -->","yoast_head_json":{"title":"SFERA lampa pod\u0142ogowa BIA\u0141Y MIEDZIANY - Sigma","robots":{"index":"index","follow":"follow","max-snippet":"max-snippet:-1","max-image-preview":"max-image-preview:large","max-video-preview":"max-video-preview:-1"},"canonical":"https:\/\/sigma-lampy.com.pl\/en\/oferta\/sfera-lampa-podlogowa-bialy-miedziany\/","og_locale":"en_US","og_type":"article","og_title":"SFERA lampa pod\u0142ogowa BIA\u0141Y MIEDZIANY - Sigma","og_url":"https:\/\/sigma-lampy.com.pl\/en\/oferta\/sfera-lampa-podlogowa-bialy-miedziany\/","og_site_name":"Sigma","article_modified_time":"2023-11-15T07:53:36+00:00","og_image":[{"width":685,"height":1200,"url":"https:\/\/sigma-lampy.com.pl\/wp-content\/uploads\/50334-SFERA-lampa-pod\u0142ogowa-bia\u0142o-miedziana-1.jpg","type":"image\/jpeg"}],"twitter_card":"summary_large_image","twitter_description":"[opis_en]","schema":{"@context":"https:\/\/schema.org","@graph":[{"@type":"WebPage","@id":"https:\/\/sigma-lampy.com.pl\/en\/oferta\/sfera-lampa-podlogowa-bialy-miedziany\/","url":"https:\/\/sigma-lampy.com.pl\/en\/oferta\/sfera-lampa-podlogowa-bialy-miedziany\/","name":"SFERA lampa pod\u0142ogowa BIA\u0141Y MIEDZIANY - Sigma","isPartOf":{"@id":"https:\/\/sigma-lampy.com.pl\/#website"},"datePublished":"2022-10-28T06:16:54+00:00","dateModified":"2023-11-15T07:53:36+00:00","breadcrumb":{"@id":"https:\/\/sigma-lampy.com.pl\/en\/oferta\/sfera-lampa-podlogowa-bialy-miedziany\/#breadcrumb"},"inLanguage":"en-US","potentialAction":[{"@type":"ReadAction","target":["https:\/\/sigma-lampy.com.pl\/en\/oferta\/sfera-lampa-podlogowa-bialy-miedziany\/"]}]},{"@type":"BreadcrumbList","@id":"https:\/\/sigma-lampy.com.pl\/en\/oferta\/sfera-lampa-podlogowa-bialy-miedziany\/#breadcrumb","itemListElement":[{"@type":"ListItem","position":1,"name":"Strona g\u0142\u00f3wna","item":"https:\/\/sigma-lampy.com.pl\/en\/"},{"@type":"ListItem","position":2,"name":"Offer","item":"https:\/\/sigma-lampy.com.pl\/en\/offer\/"},{"@type":"ListItem","position":3,"name":"SFERA lampa pod\u0142ogowa BIA\u0141Y MIEDZIANY"}]},{"@type":"WebSite","@id":"https:\/\/sigma-lampy.com.pl\/#website","url":"https:\/\/sigma-lampy.com.pl\/","name":"Sigma","description":"Producent Lamp","publisher":{"@id":"https:\/\/sigma-lampy.com.pl\/#organization"},"potentialAction":[{"@type":"SearchAction","target":{"@type":"EntryPoint","urlTemplate":"https:\/\/sigma-lampy.com.pl\/?s={search_term_string}"},"query-input":"required name=search_term_string"}],"inLanguage":"en-US"},{"@type":"Organization","@id":"https:\/\/sigma-lampy.com.pl\/#organization","name":"Sigma","url":"https:\/\/sigma-lampy.com.pl\/","logo":{"@type":"ImageObject","inLanguage":"en-US","@id":"https:\/\/sigma-lampy.com.pl\/#\/schema\/logo\/image\/","url":"https:\/\/sigma-lampy.com.pl\/wp-content\/uploads\/sigma-logo.svg","contentUrl":"https:\/\/sigma-lampy.com.pl\/wp-content\/uploads\/sigma-logo.svg","width":425.2,"height":425.2,"caption":"Sigma"},"image":{"@id":"https:\/\/sigma-lampy.com.pl\/#\/schema\/logo\/image\/"}}]}},"_links":{"self":[{"href":"https:\/\/sigma-lampy.com.pl\/en\/wp-json\/wp\/v2\/product\/23842"}],"collection":[{"href":"https:\/\/sigma-lampy.com.pl\/en\/wp-json\/wp\/v2\/product"}],"about":[{"href":"https:\/\/sigma-lampy.com.pl\/en\/wp-json\/wp\/v2\/types\/product"}],"wp:featuredmedia":[{"embeddable":true,"href":"https:\/\/sigma-lampy.com.pl\/en\/wp-json\/wp\/v2\/media\/22499"}],"wp:attachment":[{"href":"https:\/\/sigma-lampy.com.pl\/en\/wp-json\/wp\/v2\/media?parent=23842"}],"wp:term":[{"taxonomy":"product_cat","embeddable":true,"href":"https:\/\/sigma-lampy.com.pl\/en\/wp-json\/wp\/v2\/product_cat?post=23842"},{"taxonomy":"product_tag","embeddable":true,"href":"https:\/\/sigma-lampy.com.pl\/en\/wp-json\/wp\/v2\/product_tag?post=23842"}],"curies":[{"name":"wp","href":"https:\/\/api.w.org\/{rel}","templated":true}]}}