{"id":40659,"date":"2026-03-03T13:25:44","date_gmt":"2026-03-03T12:25:44","guid":{"rendered":"https:\/\/sigma-lampy.com.pl\/?page_id=40659"},"modified":"2026-03-03T13:36:12","modified_gmt":"2026-03-03T12:36:12","slug":"strefa-partnera","status":"publish","type":"page","link":"https:\/\/sigma-lampy.com.pl\/en\/strefa-partnera\/","title":{"rendered":"Strefa Partnera"},"content":{"rendered":"<h2 class=\"title ltrspc-125\">Partner Zone<\/h2>\n<div class=\"wp-block-media-text is-stacked-on-mobile\">\n<figure class=\"wp-block-media-text__media\"><img decoding=\"async\" loading=\"lazy\" width=\"1310\" height=\"873\" src=\"https:\/\/sigma-lampy.com.pl\/wp-content\/uploads\/2-1310x873.jpg\" alt=\"\" class=\"wp-image-16505 size-full\" srcset=\"https:\/\/sigma-lampy.com.pl\/wp-content\/uploads\/2-1310x873.jpg 1310w, https:\/\/sigma-lampy.com.pl\/wp-content\/uploads\/2-300x200.jpg 300w, https:\/\/sigma-lampy.com.pl\/wp-content\/uploads\/2-600x400.jpg 600w, https:\/\/sigma-lampy.com.pl\/wp-content\/uploads\/2-768x512.jpg 768w, https:\/\/sigma-lampy.com.pl\/wp-content\/uploads\/2.jpg 1800w\" sizes=\"(max-width: 1310px) 100vw, 1310px\" \/><\/figure>\n<div class=\"wp-block-media-text__content\">\n<h1 class=\"wp-block-heading\">Cooperate with Us<\/h1>\n<p>We are a Polish manufacturer of decorative lighting. Since 1996, we have been designing and producing lamps for residential and commercial interiors. Our products are made in Poland at our manufacturing facility in Cz\u0119stochowa using modern technologies and high-quality components.<\/p>\n<p>The Partner Zone has been created for lighting stores, wholesalers, architects, interior designers, and distributors who are looking for a reliable lamp manufacturer and a stable business partner. We offer a wide range of modern lighting, attractive cooperation terms, and support at every stage of sales and project implementation.<\/p>\n<div style=\"height:100px\" aria-hidden=\"true\" class=\"wp-block-spacer\"><\/div>\n<h1 class=\"wp-block-heading\">Business Partner Offer \u2013 Decorative Lamps from the Manufacturer<\/h1>\n<p>As a lighting manufacturer, we offer a wide assortment of decorative lamps for homes, apartments, and commercial spaces. Our offer includes (among others):<\/p>\n<li>hanging lamps<\/li>\n<li>ceiling lamps and flush-mounts<\/li>\n<li>wall lamps (sconces)<\/li>\n<li>bedside lamps<\/li>\n<li>floor lamps<\/li>\n<li>lamp collections in various styles<\/li>\n<p>Our products combine modern design, functionality, and durability, making them ideal for both retail sales and architectural projects. The offer includes hundreds of models inspired by global trends, constantly developed and updated.<\/p>\n<div style=\"height:100px\" aria-hidden=\"true\" class=\"wp-block-spacer\"><\/div>\n<div class=\"wp-block-media-text has-media-on-the-right is-stacked-on-mobile\">\n<div class=\"wp-block-media-text__content\">\n<h1 class=\"wp-block-heading\">Collaboration with Stores, Wholesalers, and Lighting Distributors<\/h1>\n<p>We cooperate with brick-and-mortar stores, online lighting stores, lighting wholesalers. We offer beneficial trade conditions and access to a wide range of lamps.<\/p>\n<p>We provide our partners with:<\/p>\n<li>continuous access to the producer\u2019s offer<\/li>\n<li>fast order fulfillment<\/li>\n<li>access to catalogs and marketing materials<\/li>\n<li>sales support<\/li>\n<li>stable supply and production repeatability<\/li>\n<p>By cooperating with the lamp manufacturer SIGMA, you can offer your customers high-quality lighting made in Poland and appreciated on European markets.<\/p>\n<\/div>\n<figure class=\"wp-block-media-text__media\"><img decoding=\"async\" loading=\"lazy\" width=\"1310\" height=\"521\" src=\"https:\/\/sigma-lampy.com.pl\/wp-content\/uploads\/magazyn-1310x521.jpg\" alt=\"\" class=\"wp-image-40640 size-full\" srcset=\"https:\/\/sigma-lampy.com.pl\/wp-content\/uploads\/magazyn-1310x521.jpg 1310w, https:\/\/sigma-lampy.com.pl\/wp-content\/uploads\/magazyn-300x119.jpg 300w, https:\/\/sigma-lampy.com.pl\/wp-content\/uploads\/magazyn-768x306.jpg 768w, https:\/\/sigma-lampy.com.pl\/wp-content\/uploads\/magazyn-1536x611.jpg 1536w, https:\/\/sigma-lampy.com.pl\/wp-content\/uploads\/magazyn-600x239.jpg 600w, https:\/\/sigma-lampy.com.pl\/wp-content\/uploads\/magazyn.jpg 1661w\" sizes=\"(max-width: 1310px) 100vw, 1310px\" \/><\/figure>\n<\/div>\n<div style=\"height:100px\" aria-hidden=\"true\" class=\"wp-block-spacer\"><\/div>\n<div class=\"wp-block-media-text is-stacked-on-mobile\">\n<figure class=\"wp-block-media-text__media\"><img decoding=\"async\" loading=\"lazy\" width=\"1310\" height=\"521\" src=\"https:\/\/sigma-lampy.com.pl\/wp-content\/uploads\/1754401114-1-1310x521.jpg\" alt=\"\" class=\"wp-image-40620 size-full\" srcset=\"https:\/\/sigma-lampy.com.pl\/wp-content\/uploads\/1754401114-1-1310x521.jpg 1310w, https:\/\/sigma-lampy.com.pl\/wp-content\/uploads\/1754401114-1-300x119.jpg 300w, https:\/\/sigma-lampy.com.pl\/wp-content\/uploads\/1754401114-1-768x306.jpg 768w, https:\/\/sigma-lampy.com.pl\/wp-content\/uploads\/1754401114-1-1536x611.jpg 1536w, https:\/\/sigma-lampy.com.pl\/wp-content\/uploads\/1754401114-1-600x239.jpg 600w, https:\/\/sigma-lampy.com.pl\/wp-content\/uploads\/1754401114-1.jpg 1661w\" sizes=\"(max-width: 1310px) 100vw, 1310px\" \/><\/figure>\n<div class=\"wp-block-media-text__content\">\n<h1 class=\"wp-block-heading\">Collaboration with Architects and Interior Designers<\/h1>\n<p>We offer professional support for architects and interior designers seeking a trusted lighting manufacturer for their projects. <\/p>\n<p>As part of the cooperation, we provide:<\/p>\n<li>access to 3D lamp models<\/li>\n<li>product catalogs<\/li>\n<li>support in selecting lighting for projects<\/li>\n<li>a wide selection of lamps in various styles<\/li>\n<li>modern and timeless design<\/li>\n<\/ul>\n<p>SIGMA lamps are ideal for residential projects, homes, offices, hotels, and commercial spaces.<\/p>\n<\/div>\n<\/div>\n<div style=\"height:100px\" aria-hidden=\"true\" class=\"wp-block-spacer\"><\/div>\n<section style=\"background-color:#ededed; padding:60px 20px; text-align:center;\">\n<h1 class=\"wp-block-heading\">Polish Production and High Lighting Quality<\/h1>\n<p>SIGMA is a Polish lamp manufacturer with over 27 years of experience in designing and producing decorative lighting. All lamps are made in Poland using high-quality components and modern production technologies.<\/p>\n<p>Thanks to full control over the production process, we guarantee high quality, repeatability, and reliability of our products. Our lamps meet the required safety and quality standards, ensuring durability and safe use.<\/p>\n<div style=\"height:100px\" aria-hidden=\"true\" class=\"wp-block-spacer\"><\/div>\n<div class=\"wp-block-media-text has-media-on-the-right is-stacked-on-mobile\" style=\"grid-template-columns:auto 34%\">\n<div class=\"wp-block-media-text__content\">\n<h1 class=\"wp-block-heading\">Join the SIGMA Partner Zone<\/h1>\n<p>Join the group of SIGMA partners and grow your business in cooperation with an experienced lighting manufacturer. We offer attractive cooperation terms, a broad lamp offer, and professional commercial and technical support.<\/p>\n<p>Register in the Partner Zone and get access to:<\/p>\n<ul>\n<li>product catalogs<\/li>\n<li>marketing materials<\/li>\n<li>3D models<\/li>\n<li>B2B offers<\/li>\n<li>support from the SIGMA team<\/li>\n<\/ul>\n<p>Start cooperating with a Polish lamp manufacturer and add high-quality decorative lighting to your offer.<\/p>\n<\/div>\n<figure class=\"wp-block-media-text__media\"><img decoding=\"async\" src=\"https:\/\/sigma-lampy.com.pl\/wp-content\/uploads\/sigma-lampy-logo.svg\" alt=\"\" class=\"wp-image-8 size-full\"\/><\/figure>\n<\/div>\n<div style=\"height:100px\" aria-hidden=\"true\" class=\"wp-block-spacer\"><\/div>\n<div class=\"row\">\n<div class=\"grid-75 tablet-grid-75 col col-1\">\n<h3>Contact Form<\/h3>\n\n<div class=\"wpcf7 no-js\" id=\"wpcf7-f19562-o1\" lang=\"pl-PL\" dir=\"ltr\">\n<div class=\"screen-reader-response\"><p role=\"status\" aria-live=\"polite\" aria-atomic=\"true\"><\/p> <ul><\/ul><\/div>\n<form action=\"\/en\/wp-json\/wp\/v2\/pages\/40659#wpcf7-f19562-o1\" method=\"post\" class=\"wpcf7-form init\" aria-label=\"Formularz kontaktowy\" novalidate=\"novalidate\" data-status=\"init\">\n<div style=\"display: none;\">\n<input type=\"hidden\" name=\"_wpcf7\" value=\"19562\" \/>\n<input type=\"hidden\" name=\"_wpcf7_version\" value=\"5.8.5\" \/>\n<input type=\"hidden\" name=\"_wpcf7_locale\" value=\"pl_PL\" \/>\n<input type=\"hidden\" name=\"_wpcf7_unit_tag\" value=\"wpcf7-f19562-o1\" \/>\n<input type=\"hidden\" name=\"_wpcf7_container_post\" value=\"0\" \/>\n<input type=\"hidden\" name=\"_wpcf7_posted_data_hash\" value=\"\" \/>\n<\/div>\n<div class=\"inside-row\">\n\t<div class=\"grid-50 tablet-grid-50 in-col in-col-1\">\n\t\t<p><label> Company name<br \/>\n<span class=\"wpcf7-form-control-wrap\" data-name=\"company-name\"><input size=\"40\" class=\"wpcf7-form-control wpcf7-text\" aria-invalid=\"false\" value=\"\" type=\"text\" name=\"company-name\" \/><\/span> <\/label>\n\t\t<\/p>\n\t<\/div>\n\t<div class=\"grid-50 tablet-grid-50 in-col in-col-2\">\n\t\t<p><label> Your name*<br \/>\n<span class=\"wpcf7-form-control-wrap\" data-name=\"your-name\"><input size=\"40\" class=\"wpcf7-form-control wpcf7-text wpcf7-validates-as-required\" aria-required=\"true\" aria-invalid=\"false\" value=\"\" type=\"text\" name=\"your-name\" \/><\/span> <\/label>\n\t\t<\/p>\n\t<\/div>\n\t<div class=\"grid-50 tablet-grid-50 in-col in-col-3\">\n\t\t<p><label> Email*<br \/>\n<span class=\"wpcf7-form-control-wrap\" data-name=\"your-email\"><input size=\"40\" class=\"wpcf7-form-control wpcf7-email wpcf7-validates-as-required wpcf7-text wpcf7-validates-as-email\" aria-required=\"true\" aria-invalid=\"false\" value=\"\" type=\"email\" name=\"your-email\" \/><\/span> <\/label>\n\t\t<\/p>\n\t<\/div>\n\t<div class=\"grid-50 tablet-grid-50 in-col in-col-4\">\n\t\t<p><label> Phone nr<br \/>\n<span class=\"wpcf7-form-control-wrap\" data-name=\"phone-number\"><input size=\"40\" class=\"wpcf7-form-control wpcf7-tel wpcf7-text wpcf7-validates-as-tel\" aria-invalid=\"false\" value=\"\" type=\"tel\" name=\"phone-number\" \/><\/span> <\/label>\n\t\t<\/p>\n\t<\/div>\n\t<div class=\"grid-100 in-col in-col-5\">\n\t\t<p><label> Profile*<br \/>\n<span class=\"wpcf7-form-control-wrap\" data-name=\"profile\"><select class=\"wpcf7-form-control wpcf7-select wpcf7-validates-as-required\" aria-required=\"true\" aria-invalid=\"false\" name=\"profile\"><option value=\"\">&#8212;Prosz\u0119 wybra\u0107 opcj\u0119&#8212;<\/option><option value=\"Trade cooperation\">Trade cooperation<\/option><option value=\"Investments\">Investments<\/option><option value=\"Other\">Other<\/option><\/select><\/span><\/label>\n\t\t<\/p>\n\t\t<p><label> Message<br \/>\n<span class=\"wpcf7-form-control-wrap\" data-name=\"your-message\"><textarea cols=\"40\" rows=\"4\" class=\"wpcf7-form-control wpcf7-textarea\" aria-invalid=\"false\" name=\"your-message\"><\/textarea><\/span> <\/label>\n\t\t<\/p>\n\t\t<p><span class=\"wpcf7-form-control-wrap\" data-name=\"zgoda-priv\"><span class=\"wpcf7-form-control wpcf7-acceptance\"><span class=\"wpcf7-list-item\"><input type=\"checkbox\" name=\"zgoda-priv\" value=\"1\" checked=\"checked\" aria-invalid=\"false\" \/><\/span><\/span><\/span> I hereby consent to the processing of the personal data that I have provided according to the data protection regulations posted on the website.\n\t\t<\/p>\n\t\t<p><span class=\"wpcf7-form-control-wrap\" data-name=\"zgoda-marketing\"><span class=\"wpcf7-form-control wpcf7-checkbox wpcf7-exclusive-checkbox\"><span class=\"wpcf7-list-item first last\"><label><input type=\"checkbox\" name=\"zgoda-marketing\" value=\"I agree to receive marketing messages to the e-mail adress and \/ or telephone number provided.\" \/><span class=\"wpcf7-list-item-label\">I agree to receive marketing messages to the e-mail adress and \/ or telephone number provided.<\/span><\/label><\/span><\/span><\/span>\n\t\t<\/p>\n\t\t<p class=\"submit-btn\" style=\"margin-top:2em;\"><input class=\"wpcf7-form-control wpcf7-submit has-spinner\" type=\"submit\" value=\"Send\" \/>\n\t\t<\/p>\n\t<\/div>\n<\/div><div class=\"wpcf7-response-output\" aria-hidden=\"true\"><\/div>\n<\/form>\n<\/div>\n\n<\/div>\n<div class=\"grid-25 tablet-grid-25 col col-2\">\n<h3>Contact Information<\/h3>\n<div class=\"details\">\n<p><strong>Head Office<\/strong><\/p>\n<p class=\"phone\">t: +48 34-369-74-05<\/p>\n<p class=\"phone\">e: sigmalampy@post.pl<\/p>\n<\/div>\n<\/div>\n<section style=\"background-color:#ededed; padding:60px 20px; text-align:center;\">\n<style>\n    .newsletter-container {\n      max-width: 600px;\n      margin: 0 auto;\n      font-family: Arial, sans-serif;\n    }<\/p>\n<p>    .newsletter-container h2 {\n      font-size: 28px;\n      margin-bottom: 10px;\n      color: #000;\n    }<\/p>\n<p>    .newsletter-container p {\n      font-size: 16px;\n      margin-bottom: 25px;\n      color: #555;\n    }<\/p>\n<p>    .newsletter-form {\n      display: flex;\n      gap: 10px;\n      justify-content: center;\n      flex-wrap: wrap;\n    }<\/p>\n<p>    .newsletter-form input[type=\"email\"] {\n      padding: 12px 15px;\n      font-size: 16px;\n      border: 1px solid #ccc;\n      border-radius: 4px;\n      min-width: 260px;\n      outline: none;\n    }<\/p>\n<p>    .newsletter-form input[type=\"email\"]:focus {\n      border-color: #000;\n    }<\/p>\n<p>    .newsletter-form button {\n      padding: 12px 25px;\n      font-size: 16px;\n      border: none;\n      background-color: #000;\n      color: #fff;\n      border-radius: 4px;\n      cursor: pointer;\n      transition: background-color 0.3s ease;\n    }<\/p>\n<p>    .newsletter-form button:hover {\n      background-color: #333;\n    }<\/p>\n<p>    .newsletter-consent {\n      font-size: 12px;\n      color: #777;\n      margin-top: 15px;\n    }<\/p>\n<p>    @media (max-width: 480px) {\n      .newsletter-form {\n        flex-direction: column;\n        align-items: center;\n      }<\/p>\n<p>      .newsletter-form input[type=\"email\"],\n      .newsletter-form button {\n        width: 100%;\n        max-width: 320px;\n      }\n    }\n  <\/style>\n<div class=\"newsletter-container\">\n<h2>Sign up for SIGMA newsletter<\/h2>\n<p>\n     Receive information about new lamp collections, partner materials, promotions, and new products directly from us.\n    <\/p>\n\n<div class=\"wpcf7 no-js\" id=\"wpcf7-f40671-o2\" lang=\"pl-PL\" dir=\"ltr\">\n<div class=\"screen-reader-response\"><p role=\"status\" aria-live=\"polite\" aria-atomic=\"true\"><\/p> <ul><\/ul><\/div>\n<form action=\"\/en\/wp-json\/wp\/v2\/pages\/40659#wpcf7-f40671-o2\" method=\"post\" class=\"wpcf7-form init\" aria-label=\"Formularz kontaktowy\" novalidate=\"novalidate\" data-status=\"init\">\n<div style=\"display: none;\">\n<input type=\"hidden\" name=\"_wpcf7\" value=\"40671\" \/>\n<input type=\"hidden\" name=\"_wpcf7_version\" value=\"5.8.5\" \/>\n<input type=\"hidden\" name=\"_wpcf7_locale\" value=\"pl_PL\" \/>\n<input type=\"hidden\" name=\"_wpcf7_unit_tag\" value=\"wpcf7-f40671-o2\" \/>\n<input type=\"hidden\" name=\"_wpcf7_container_post\" value=\"0\" \/>\n<input type=\"hidden\" name=\"_wpcf7_posted_data_hash\" value=\"\" \/>\n<\/div>\n<div class=\"inside-row\">\n\t<div class=\"grid-50 tablet-grid-50 in-col in-col-1\">\n\t\t<p><label> Your e-mail<br \/>\n<span class=\"wpcf7-form-control-wrap\" data-name=\"your-email\"><input size=\"40\" class=\"wpcf7-form-control wpcf7-email wpcf7-validates-as-required wpcf7-text wpcf7-validates-as-email\" autocomplete=\"email\" aria-required=\"true\" aria-invalid=\"false\" value=\"\" type=\"email\" name=\"your-email\" \/><\/span> <\/label>\n\t\t<\/p>\n\t<\/div>\n\t<p><span class=\"wpcf7-form-control-wrap\" data-name=\"zgoda-priv\"><span class=\"wpcf7-form-control wpcf7-acceptance\"><span class=\"wpcf7-list-item\"><input type=\"checkbox\" name=\"zgoda-priv\" value=\"1\" checked=\"checked\" aria-invalid=\"false\" \/><\/span><\/span><\/span> I consent to the processing of personal data in accordance with the privacy policy published on the website.\n\t<\/p>\n\t<p><span class=\"wpcf7-form-control-wrap\" data-name=\"zgoda-marketing\"><span class=\"wpcf7-form-control wpcf7-checkbox wpcf7-exclusive-checkbox\"><span class=\"wpcf7-list-item first last\"><label><input type=\"checkbox\" name=\"zgoda-marketing\" value=\"I consent to receiving marketing communications at the email address provided.\" \/><span class=\"wpcf7-list-item-label\">I consent to receiving marketing communications at the email address provided.<\/span><\/label><\/span><\/span><\/span>\n\t<\/p>\n\t<p class=\"submit-btn\" style=\"margin-top:2em;\"><input class=\"wpcf7-form-control wpcf7-submit has-spinner\" type=\"submit\" value=\"Send\" \/>\n\t<\/p>\n<\/div>\n<div class=\"wpcf7-response-output\" aria-hidden=\"true\"><\/div>\n<\/form>\n<\/div>\n\n<div class=\"newsletter-consent\">\nBy subscribing, you consent to receiving commercial information via electronic communication.    <\/div>\n<\/p><\/div>\n<\/section>\n","protected":false},"excerpt":{"rendered":"<p>Partner Zone Cooperate with Us We are a Polish manufacturer of decorative lighting. Since 1996, we have been designing and producing lamps for residential and commercial interiors. Our products are made in Poland at our manufacturing facility in Cz\u0119stochowa using modern technologies and high-quality components. The Partner Zone has been created for lighting stores, wholesalers, architects, interior designers, and distributors who are looking for a reliable lamp manufacturer and a stable business partner. We offer a wide range of modern lighting, attractive cooperation terms, and support at every stage of sales and project implementation. Business Partner Offer \u2013 Decorative Lamps &#8230; <\/p>\n<p class=\"read-more-container\"><a title=\"Strefa Partnera\" class=\"read-more button\" href=\"https:\/\/sigma-lampy.com.pl\/en\/strefa-partnera\/#more-40659\" aria-label=\"More on Strefa Partnera\">Czytaj Dalej<\/a><\/p>\n","protected":false},"author":9,"featured_media":0,"parent":0,"menu_order":0,"comment_status":"closed","ping_status":"closed","template":"","meta":{"footnotes":""},"acf":[],"yoast_head":"<!-- This site is optimized with the Yoast SEO plugin v21.7 - https:\/\/yoast.com\/wordpress\/plugins\/seo\/ -->\n<title>Strefa Partnera - Sigma<\/title>\n<meta name=\"robots\" content=\"index, follow, max-snippet:-1, max-image-preview:large, max-video-preview:-1\" \/>\n<link rel=\"canonical\" href=\"https:\/\/sigma-lampy.com.pl\/en\/strefa-partnera\/\" \/>\n<meta property=\"og:locale\" content=\"en_US\" \/>\n<meta property=\"og:type\" content=\"article\" \/>\n<meta property=\"og:title\" content=\"Strefa Partnera - Sigma\" \/>\n<meta property=\"og:description\" content=\"Partner Zone Cooperate with Us We are a Polish manufacturer of decorative lighting. Since 1996, we have been designing and producing lamps for residential and commercial interiors. Our products are made in Poland at our manufacturing facility in Cz\u0119stochowa using modern technologies and high-quality components. The Partner Zone has been created for lighting stores, wholesalers, architects, interior designers, and distributors who are looking for a reliable lamp manufacturer and a stable business partner. We offer a wide range of modern lighting, attractive cooperation terms, and support at every stage of sales and project implementation. Business Partner Offer \u2013 Decorative Lamps ... Czytaj Dalej\" \/>\n<meta property=\"og:url\" content=\"https:\/\/sigma-lampy.com.pl\/en\/strefa-partnera\/\" \/>\n<meta property=\"og:site_name\" content=\"Sigma\" \/>\n<meta property=\"article:modified_time\" content=\"2026-03-03T12:36:12+00:00\" \/>\n<meta property=\"og:image\" content=\"https:\/\/sigma-lampy.com.pl\/wp-content\/uploads\/2-1310x873.jpg\" \/>\n<meta name=\"twitter:card\" content=\"summary_large_image\" \/>\n<meta name=\"twitter:label1\" content=\"Est. reading time\" \/>\n\t<meta name=\"twitter:data1\" content=\"4 minutes\" \/>\n<script type=\"application\/ld+json\" class=\"yoast-schema-graph\">{\"@context\":\"https:\/\/schema.org\",\"@graph\":[{\"@type\":\"WebPage\",\"@id\":\"https:\/\/sigma-lampy.com.pl\/en\/strefa-partnera\/\",\"url\":\"https:\/\/sigma-lampy.com.pl\/en\/strefa-partnera\/\",\"name\":\"Strefa Partnera - Sigma\",\"isPartOf\":{\"@id\":\"https:\/\/sigma-lampy.com.pl\/#website\"},\"datePublished\":\"2026-03-03T12:25:44+00:00\",\"dateModified\":\"2026-03-03T12:36:12+00:00\",\"breadcrumb\":{\"@id\":\"https:\/\/sigma-lampy.com.pl\/en\/strefa-partnera\/#breadcrumb\"},\"inLanguage\":\"en-US\",\"potentialAction\":[{\"@type\":\"ReadAction\",\"target\":[\"https:\/\/sigma-lampy.com.pl\/en\/strefa-partnera\/\"]}]},{\"@type\":\"BreadcrumbList\",\"@id\":\"https:\/\/sigma-lampy.com.pl\/en\/strefa-partnera\/#breadcrumb\",\"itemListElement\":[{\"@type\":\"ListItem\",\"position\":1,\"name\":\"Strona g\u0142\u00f3wna\",\"item\":\"https:\/\/sigma-lampy.com.pl\/en\/\"},{\"@type\":\"ListItem\",\"position\":2,\"name\":\"Strefa Partnera\"}]},{\"@type\":\"WebSite\",\"@id\":\"https:\/\/sigma-lampy.com.pl\/#website\",\"url\":\"https:\/\/sigma-lampy.com.pl\/\",\"name\":\"Sigma\",\"description\":\"Producent Lamp\",\"publisher\":{\"@id\":\"https:\/\/sigma-lampy.com.pl\/#organization\"},\"potentialAction\":[{\"@type\":\"SearchAction\",\"target\":{\"@type\":\"EntryPoint\",\"urlTemplate\":\"https:\/\/sigma-lampy.com.pl\/?s={search_term_string}\"},\"query-input\":\"required name=search_term_string\"}],\"inLanguage\":\"en-US\"},{\"@type\":\"Organization\",\"@id\":\"https:\/\/sigma-lampy.com.pl\/#organization\",\"name\":\"Sigma\",\"url\":\"https:\/\/sigma-lampy.com.pl\/\",\"logo\":{\"@type\":\"ImageObject\",\"inLanguage\":\"en-US\",\"@id\":\"https:\/\/sigma-lampy.com.pl\/#\/schema\/logo\/image\/\",\"url\":\"https:\/\/sigma-lampy.com.pl\/wp-content\/uploads\/sigma-logo.svg\",\"contentUrl\":\"https:\/\/sigma-lampy.com.pl\/wp-content\/uploads\/sigma-logo.svg\",\"width\":425.2,\"height\":425.2,\"caption\":\"Sigma\"},\"image\":{\"@id\":\"https:\/\/sigma-lampy.com.pl\/#\/schema\/logo\/image\/\"}}]}<\/script>\n<!-- \/ Yoast SEO plugin. -->","yoast_head_json":{"title":"Strefa Partnera - Sigma","robots":{"index":"index","follow":"follow","max-snippet":"max-snippet:-1","max-image-preview":"max-image-preview:large","max-video-preview":"max-video-preview:-1"},"canonical":"https:\/\/sigma-lampy.com.pl\/en\/strefa-partnera\/","og_locale":"en_US","og_type":"article","og_title":"Strefa Partnera - Sigma","og_description":"Partner Zone Cooperate with Us We are a Polish manufacturer of decorative lighting. Since 1996, we have been designing and producing lamps for residential and commercial interiors. Our products are made in Poland at our manufacturing facility in Cz\u0119stochowa using modern technologies and high-quality components. The Partner Zone has been created for lighting stores, wholesalers, architects, interior designers, and distributors who are looking for a reliable lamp manufacturer and a stable business partner. We offer a wide range of modern lighting, attractive cooperation terms, and support at every stage of sales and project implementation. Business Partner Offer \u2013 Decorative Lamps ... Czytaj Dalej","og_url":"https:\/\/sigma-lampy.com.pl\/en\/strefa-partnera\/","og_site_name":"Sigma","article_modified_time":"2026-03-03T12:36:12+00:00","og_image":[{"url":"https:\/\/sigma-lampy.com.pl\/wp-content\/uploads\/2-1310x873.jpg"}],"twitter_card":"summary_large_image","twitter_misc":{"Est. reading time":"4 minutes"},"schema":{"@context":"https:\/\/schema.org","@graph":[{"@type":"WebPage","@id":"https:\/\/sigma-lampy.com.pl\/en\/strefa-partnera\/","url":"https:\/\/sigma-lampy.com.pl\/en\/strefa-partnera\/","name":"Strefa Partnera - Sigma","isPartOf":{"@id":"https:\/\/sigma-lampy.com.pl\/#website"},"datePublished":"2026-03-03T12:25:44+00:00","dateModified":"2026-03-03T12:36:12+00:00","breadcrumb":{"@id":"https:\/\/sigma-lampy.com.pl\/en\/strefa-partnera\/#breadcrumb"},"inLanguage":"en-US","potentialAction":[{"@type":"ReadAction","target":["https:\/\/sigma-lampy.com.pl\/en\/strefa-partnera\/"]}]},{"@type":"BreadcrumbList","@id":"https:\/\/sigma-lampy.com.pl\/en\/strefa-partnera\/#breadcrumb","itemListElement":[{"@type":"ListItem","position":1,"name":"Strona g\u0142\u00f3wna","item":"https:\/\/sigma-lampy.com.pl\/en\/"},{"@type":"ListItem","position":2,"name":"Strefa Partnera"}]},{"@type":"WebSite","@id":"https:\/\/sigma-lampy.com.pl\/#website","url":"https:\/\/sigma-lampy.com.pl\/","name":"Sigma","description":"Producent Lamp","publisher":{"@id":"https:\/\/sigma-lampy.com.pl\/#organization"},"potentialAction":[{"@type":"SearchAction","target":{"@type":"EntryPoint","urlTemplate":"https:\/\/sigma-lampy.com.pl\/?s={search_term_string}"},"query-input":"required name=search_term_string"}],"inLanguage":"en-US"},{"@type":"Organization","@id":"https:\/\/sigma-lampy.com.pl\/#organization","name":"Sigma","url":"https:\/\/sigma-lampy.com.pl\/","logo":{"@type":"ImageObject","inLanguage":"en-US","@id":"https:\/\/sigma-lampy.com.pl\/#\/schema\/logo\/image\/","url":"https:\/\/sigma-lampy.com.pl\/wp-content\/uploads\/sigma-logo.svg","contentUrl":"https:\/\/sigma-lampy.com.pl\/wp-content\/uploads\/sigma-logo.svg","width":425.2,"height":425.2,"caption":"Sigma"},"image":{"@id":"https:\/\/sigma-lampy.com.pl\/#\/schema\/logo\/image\/"}}]}},"_links":{"self":[{"href":"https:\/\/sigma-lampy.com.pl\/en\/wp-json\/wp\/v2\/pages\/40659"}],"collection":[{"href":"https:\/\/sigma-lampy.com.pl\/en\/wp-json\/wp\/v2\/pages"}],"about":[{"href":"https:\/\/sigma-lampy.com.pl\/en\/wp-json\/wp\/v2\/types\/page"}],"author":[{"embeddable":true,"href":"https:\/\/sigma-lampy.com.pl\/en\/wp-json\/wp\/v2\/users\/9"}],"replies":[{"embeddable":true,"href":"https:\/\/sigma-lampy.com.pl\/en\/wp-json\/wp\/v2\/comments?post=40659"}],"version-history":[{"count":5,"href":"https:\/\/sigma-lampy.com.pl\/en\/wp-json\/wp\/v2\/pages\/40659\/revisions"}],"predecessor-version":[{"id":40672,"href":"https:\/\/sigma-lampy.com.pl\/en\/wp-json\/wp\/v2\/pages\/40659\/revisions\/40672"}],"wp:attachment":[{"href":"https:\/\/sigma-lampy.com.pl\/en\/wp-json\/wp\/v2\/media?parent=40659"}],"curies":[{"name":"wp","href":"https:\/\/api.w.org\/{rel}","templated":true}]}}