{"id":386,"date":"2019-05-10T18:28:06","date_gmt":"2019-05-10T16:28:06","guid":{"rendered":"http:\/\/sigma-lampy.com.pl\/kontakt\/"},"modified":"2022-06-02T11:06:16","modified_gmt":"2022-06-02T09:06:16","slug":"contact","status":"publish","type":"page","link":"https:\/\/sigma-lampy.com.pl\/en\/contact\/","title":{"rendered":"Contact"},"content":{"rendered":"<h2 class=\"title\">Contact<\/h2>\n<div class=\"row\">\n<div class=\"grid-75 tablet-grid-75 col col-1\">\n<h3 style=\"text-align: left;\">Contact Form<\/h3>\n<p style=\"text-align: left;\">\n<div class=\"wpcf7 no-js\" id=\"wpcf7-f19549-o1\" lang=\"pl-PL\" dir=\"ltr\">\n<div class=\"screen-reader-response\"><p role=\"status\" aria-live=\"polite\" aria-atomic=\"true\"><\/p> <ul><\/ul><\/div>\n<form action=\"\/en\/wp-json\/wp\/v2\/pages\/386#wpcf7-f19549-o1\" method=\"post\" class=\"wpcf7-form init\" aria-label=\"Formularz kontaktowy\" novalidate=\"novalidate\" data-status=\"init\">\n<div style=\"display: none;\">\n<input type=\"hidden\" name=\"_wpcf7\" value=\"19549\" \/>\n<input type=\"hidden\" name=\"_wpcf7_version\" value=\"5.8.5\" \/>\n<input type=\"hidden\" name=\"_wpcf7_locale\" value=\"pl_PL\" \/>\n<input type=\"hidden\" name=\"_wpcf7_unit_tag\" value=\"wpcf7-f19549-o1\" \/>\n<input type=\"hidden\" name=\"_wpcf7_container_post\" value=\"0\" \/>\n<input type=\"hidden\" name=\"_wpcf7_posted_data_hash\" value=\"\" \/>\n<\/div>\n<div class=\"inside-row\">\n\t<div class=\"grid-50 tablet-grid-50 in-col in-col-1\">\n\t\t<p><label> Company name<br \/>\n<span class=\"wpcf7-form-control-wrap\" data-name=\"company-name\"><input size=\"40\" class=\"wpcf7-form-control wpcf7-text\" aria-invalid=\"false\" value=\"\" type=\"text\" name=\"company-name\" \/><\/span> <\/label>\n\t\t<\/p>\n\t<\/div>\n\t<div class=\"grid-50 tablet-grid-50 in-col in-col-2\">\n\t\t<p><label> Your name*<br \/>\n<span class=\"wpcf7-form-control-wrap\" data-name=\"your-name\"><input size=\"40\" class=\"wpcf7-form-control wpcf7-text wpcf7-validates-as-required\" aria-required=\"true\" aria-invalid=\"false\" value=\"\" type=\"text\" name=\"your-name\" \/><\/span> <\/label>\n\t\t<\/p>\n\t<\/div>\n\t<div class=\"grid-50 tablet-grid-50 in-col in-col-3\">\n\t\t<p><label> Email*<br \/>\n<span class=\"wpcf7-form-control-wrap\" data-name=\"your-email\"><input size=\"40\" class=\"wpcf7-form-control wpcf7-email wpcf7-validates-as-required wpcf7-text wpcf7-validates-as-email\" aria-required=\"true\" aria-invalid=\"false\" value=\"\" type=\"email\" name=\"your-email\" \/><\/span> <\/label>\n\t\t<\/p>\n\t<\/div>\n\t<div class=\"grid-50 tablet-grid-50 in-col in-col-4\">\n\t\t<p><label> Phone nr<br \/>\n<span class=\"wpcf7-form-control-wrap\" data-name=\"phone-number\"><input size=\"40\" class=\"wpcf7-form-control wpcf7-tel wpcf7-text wpcf7-validates-as-tel\" aria-invalid=\"false\" value=\"\" type=\"tel\" name=\"phone-number\" \/><\/span> <\/label>\n\t\t<\/p>\n\t<\/div>\n\t<div class=\"grid-100 in-col in-col-5\">\n\t\t<p><label> Profile*<br \/>\n<span class=\"wpcf7-form-control-wrap\" data-name=\"profile\"><select class=\"wpcf7-form-control wpcf7-select wpcf7-validates-as-required\" aria-required=\"true\" aria-invalid=\"false\" name=\"profile\"><option value=\"\">&#8212;Prosz\u0119 wybra\u0107 opcj\u0119&#8212;<\/option><option value=\"Trade cooperation\">Trade cooperation<\/option><option value=\"Investments\">Investments<\/option><option value=\"Retail sales\">Retail sales<\/option><option value=\"Technical support\">Technical support<\/option><option value=\"Marketing\">Marketing<\/option><option value=\"Other\">Other<\/option><\/select><\/span><\/label>\n\t\t<\/p>\n\t\t<p><label> Message<br \/>\n<span class=\"wpcf7-form-control-wrap\" data-name=\"your-message\"><textarea cols=\"40\" rows=\"4\" class=\"wpcf7-form-control wpcf7-textarea\" aria-invalid=\"false\" name=\"your-message\"><\/textarea><\/span> <\/label>\n\t\t<\/p>\n\t\t<p><span class=\"wpcf7-form-control-wrap\" data-name=\"zgoda-priv\"><span class=\"wpcf7-form-control wpcf7-acceptance\"><span class=\"wpcf7-list-item\"><input type=\"checkbox\" name=\"zgoda-priv\" value=\"1\" checked=\"checked\" aria-invalid=\"false\" \/><\/span><\/span><\/span> I hereby consent to the processing of the personal data that I have provided according to the data protection regulations posted on the website.\n\t\t<\/p>\n\t\t<p><span class=\"wpcf7-form-control-wrap\" data-name=\"zgoda-marketing\"><span class=\"wpcf7-form-control wpcf7-checkbox wpcf7-exclusive-checkbox\"><span class=\"wpcf7-list-item first last\"><label><input type=\"checkbox\" name=\"zgoda-marketing\" value=\"I agree to receive marketing messages to the e-mail adress and \/ or telephone number provided.\" \/><span class=\"wpcf7-list-item-label\">I agree to receive marketing messages to the e-mail adress and \/ or telephone number provided.<\/span><\/label><\/span><\/span><\/span>\n\t\t<\/p>\n\t\t<p class=\"submit-btn\" style=\"margin-top:2em;\"><input class=\"wpcf7-form-control wpcf7-submit has-spinner\" type=\"submit\" value=\"Send\" \/>\n\t\t<\/p>\n\t<\/div>\n<\/div><div class=\"wpcf7-response-output\" aria-hidden=\"true\"><\/div>\n<\/form>\n<\/div>\n<\/p>\n<\/div>\n<\/div>\n<p><strong><img decoding=\"async\" loading=\"lazy\" class=\"wp-image-17650 alignright\" src=\"https:\/\/sigma-lampy.com.pl\/wp-content\/uploads\/producent-lamp-sigma-czestochowa-1.jpg\" alt=\"\" width=\"700\" height=\"467\" srcset=\"https:\/\/sigma-lampy.com.pl\/wp-content\/uploads\/producent-lamp-sigma-czestochowa-1.jpg 1800w, https:\/\/sigma-lampy.com.pl\/wp-content\/uploads\/producent-lamp-sigma-czestochowa-1-300x200.jpg 300w, https:\/\/sigma-lampy.com.pl\/wp-content\/uploads\/producent-lamp-sigma-czestochowa-1-600x400.jpg 600w, https:\/\/sigma-lampy.com.pl\/wp-content\/uploads\/producent-lamp-sigma-czestochowa-1-768x512.jpg 768w, https:\/\/sigma-lampy.com.pl\/wp-content\/uploads\/producent-lamp-sigma-czestochowa-1-1310x873.jpg 1310w\" sizes=\"(max-width: 700px) 100vw, 700px\" \/><br \/>\n<br \/>Headquarters<\/strong><br \/>\n<br \/>t: +48 34 369 74 05<br \/>\n<br \/>e: sigmalampy@post.pl<\/p>\n<p><strong>Export<\/strong><br \/>\n<br \/>t: +48 34 369 74 05 direct 22<br \/>\n<br \/>e: m.radomska@sigma-lampy.com.pl<\/p>\n<p><iframe loading=\"lazy\" class=\"mapa\" style=\"border: 0;\" src=\"https:\/\/www.google.com\/maps\/embed?pb=!1m14!1m8!1m3!1d10086.776779146985!2d19.0721946!3d50.7997757!3m2!1i1024!2i768!4f13.1!3m3!1m2!1s0x0%3A0x87ebffd37768d776!2sSigma.%20Producent%20o%C5%9Bwietlenia!5e0!3m2!1spl!2spl!4v1618320293106!5m2!1spl!2spl\" width=\"100%\" height=\"300\" allowfullscreen=\"allowfullscreen\"><\/iframe><\/p>\n","protected":false},"excerpt":{"rendered":"<p>Contact Contact Form Headquarters t: +48 34 369 74 05 e: sigmalampy@post.pl Export t: +48 34 369 74 05 direct 22 e: m.radomska@sigma-lampy.com.pl<\/p>\n","protected":false},"author":1,"featured_media":0,"parent":0,"menu_order":0,"comment_status":"closed","ping_status":"closed","template":"","meta":{"footnotes":""},"acf":[],"yoast_head":"<!-- This site is optimized with the Yoast SEO plugin v21.7 - https:\/\/yoast.com\/wordpress\/plugins\/seo\/ -->\n<title>Kontakt - SIGMA Lampy - Producent o\u015bwietlenia<\/title>\n<meta name=\"description\" content=\"Masz pytania dotycz\u0105ce naszych lamp lub szukasz pomocy przy wyborze o\u015bwietlenia? Skontaktuj si\u0119 z nami. Ch\u0119tnie odpowiemy na Twoje pytania.\" \/>\n<meta name=\"robots\" content=\"index, follow, max-snippet:-1, max-image-preview:large, max-video-preview:-1\" \/>\n<link rel=\"canonical\" href=\"https:\/\/sigma-lampy.com.pl\/kontakt\/\" \/>\n<meta property=\"og:locale\" content=\"en_US\" \/>\n<meta property=\"og:type\" content=\"article\" \/>\n<meta property=\"og:title\" content=\"Kontakt - SIGMA Lampy - Producent o\u015bwietlenia\" \/>\n<meta property=\"og:description\" content=\"Masz pytania dotycz\u0105ce naszych lamp lub szukasz pomocy przy wyborze o\u015bwietlenia? Skontaktuj si\u0119 z nami. Ch\u0119tnie odpowiemy na Twoje pytania.\" \/>\n<meta property=\"og:url\" content=\"https:\/\/sigma-lampy.com.pl\/kontakt\/\" \/>\n<meta property=\"og:site_name\" content=\"Sigma\" \/>\n<meta property=\"article:modified_time\" content=\"2022-06-02T09:06:16+00:00\" \/>\n<meta property=\"og:image\" content=\"https:\/\/sigma-lampy.com.pl\/wp-content\/uploads\/producent-lamp-sigma-czestochowa-1.jpg\" \/>\n<meta name=\"twitter:card\" content=\"summary_large_image\" \/>\n<script type=\"application\/ld+json\" class=\"yoast-schema-graph\">{\"@context\":\"https:\/\/schema.org\",\"@graph\":[{\"@type\":\"WebPage\",\"@id\":\"https:\/\/sigma-lampy.com.pl\/kontakt\/\",\"url\":\"https:\/\/sigma-lampy.com.pl\/kontakt\/\",\"name\":\"Kontakt - SIGMA Lampy - Producent o\u015bwietlenia\",\"isPartOf\":{\"@id\":\"https:\/\/sigma-lampy.com.pl\/#website\"},\"datePublished\":\"2019-05-10T16:28:06+00:00\",\"dateModified\":\"2022-06-02T09:06:16+00:00\",\"description\":\"Masz pytania dotycz\u0105ce naszych lamp lub szukasz pomocy przy wyborze o\u015bwietlenia? Skontaktuj si\u0119 z nami. Ch\u0119tnie odpowiemy na Twoje pytania.\",\"breadcrumb\":{\"@id\":\"https:\/\/sigma-lampy.com.pl\/kontakt\/#breadcrumb\"},\"inLanguage\":\"en-US\",\"potentialAction\":[{\"@type\":\"ReadAction\",\"target\":[\"https:\/\/sigma-lampy.com.pl\/kontakt\/\"]}]},{\"@type\":\"BreadcrumbList\",\"@id\":\"https:\/\/sigma-lampy.com.pl\/kontakt\/#breadcrumb\",\"itemListElement\":[{\"@type\":\"ListItem\",\"position\":1,\"name\":\"Strona g\u0142\u00f3wna\",\"item\":\"https:\/\/sigma-lampy.com.pl\/en\/\"},{\"@type\":\"ListItem\",\"position\":2,\"name\":\"Contact\"}]},{\"@type\":\"WebSite\",\"@id\":\"https:\/\/sigma-lampy.com.pl\/#website\",\"url\":\"https:\/\/sigma-lampy.com.pl\/\",\"name\":\"Sigma\",\"description\":\"Producent Lamp\",\"publisher\":{\"@id\":\"https:\/\/sigma-lampy.com.pl\/#organization\"},\"potentialAction\":[{\"@type\":\"SearchAction\",\"target\":{\"@type\":\"EntryPoint\",\"urlTemplate\":\"https:\/\/sigma-lampy.com.pl\/?s={search_term_string}\"},\"query-input\":\"required name=search_term_string\"}],\"inLanguage\":\"en-US\"},{\"@type\":\"Organization\",\"@id\":\"https:\/\/sigma-lampy.com.pl\/#organization\",\"name\":\"Sigma\",\"url\":\"https:\/\/sigma-lampy.com.pl\/\",\"logo\":{\"@type\":\"ImageObject\",\"inLanguage\":\"en-US\",\"@id\":\"https:\/\/sigma-lampy.com.pl\/#\/schema\/logo\/image\/\",\"url\":\"https:\/\/sigma-lampy.com.pl\/wp-content\/uploads\/sigma-logo.svg\",\"contentUrl\":\"https:\/\/sigma-lampy.com.pl\/wp-content\/uploads\/sigma-logo.svg\",\"width\":425.2,\"height\":425.2,\"caption\":\"Sigma\"},\"image\":{\"@id\":\"https:\/\/sigma-lampy.com.pl\/#\/schema\/logo\/image\/\"}}]}<\/script>\n<!-- \/ Yoast SEO plugin. -->","yoast_head_json":{"title":"Kontakt - SIGMA Lampy - Producent o\u015bwietlenia","description":"Masz pytania dotycz\u0105ce naszych lamp lub szukasz pomocy przy wyborze o\u015bwietlenia? Skontaktuj si\u0119 z nami. Ch\u0119tnie odpowiemy na Twoje pytania.","robots":{"index":"index","follow":"follow","max-snippet":"max-snippet:-1","max-image-preview":"max-image-preview:large","max-video-preview":"max-video-preview:-1"},"canonical":"https:\/\/sigma-lampy.com.pl\/kontakt\/","og_locale":"en_US","og_type":"article","og_title":"Kontakt - SIGMA Lampy - Producent o\u015bwietlenia","og_description":"Masz pytania dotycz\u0105ce naszych lamp lub szukasz pomocy przy wyborze o\u015bwietlenia? Skontaktuj si\u0119 z nami. Ch\u0119tnie odpowiemy na Twoje pytania.","og_url":"https:\/\/sigma-lampy.com.pl\/kontakt\/","og_site_name":"Sigma","article_modified_time":"2022-06-02T09:06:16+00:00","og_image":[{"url":"https:\/\/sigma-lampy.com.pl\/wp-content\/uploads\/producent-lamp-sigma-czestochowa-1.jpg"}],"twitter_card":"summary_large_image","schema":{"@context":"https:\/\/schema.org","@graph":[{"@type":"WebPage","@id":"https:\/\/sigma-lampy.com.pl\/kontakt\/","url":"https:\/\/sigma-lampy.com.pl\/kontakt\/","name":"Kontakt - SIGMA Lampy - Producent o\u015bwietlenia","isPartOf":{"@id":"https:\/\/sigma-lampy.com.pl\/#website"},"datePublished":"2019-05-10T16:28:06+00:00","dateModified":"2022-06-02T09:06:16+00:00","description":"Masz pytania dotycz\u0105ce naszych lamp lub szukasz pomocy przy wyborze o\u015bwietlenia? Skontaktuj si\u0119 z nami. Ch\u0119tnie odpowiemy na Twoje pytania.","breadcrumb":{"@id":"https:\/\/sigma-lampy.com.pl\/kontakt\/#breadcrumb"},"inLanguage":"en-US","potentialAction":[{"@type":"ReadAction","target":["https:\/\/sigma-lampy.com.pl\/kontakt\/"]}]},{"@type":"BreadcrumbList","@id":"https:\/\/sigma-lampy.com.pl\/kontakt\/#breadcrumb","itemListElement":[{"@type":"ListItem","position":1,"name":"Strona g\u0142\u00f3wna","item":"https:\/\/sigma-lampy.com.pl\/en\/"},{"@type":"ListItem","position":2,"name":"Contact"}]},{"@type":"WebSite","@id":"https:\/\/sigma-lampy.com.pl\/#website","url":"https:\/\/sigma-lampy.com.pl\/","name":"Sigma","description":"Producent Lamp","publisher":{"@id":"https:\/\/sigma-lampy.com.pl\/#organization"},"potentialAction":[{"@type":"SearchAction","target":{"@type":"EntryPoint","urlTemplate":"https:\/\/sigma-lampy.com.pl\/?s={search_term_string}"},"query-input":"required name=search_term_string"}],"inLanguage":"en-US"},{"@type":"Organization","@id":"https:\/\/sigma-lampy.com.pl\/#organization","name":"Sigma","url":"https:\/\/sigma-lampy.com.pl\/","logo":{"@type":"ImageObject","inLanguage":"en-US","@id":"https:\/\/sigma-lampy.com.pl\/#\/schema\/logo\/image\/","url":"https:\/\/sigma-lampy.com.pl\/wp-content\/uploads\/sigma-logo.svg","contentUrl":"https:\/\/sigma-lampy.com.pl\/wp-content\/uploads\/sigma-logo.svg","width":425.2,"height":425.2,"caption":"Sigma"},"image":{"@id":"https:\/\/sigma-lampy.com.pl\/#\/schema\/logo\/image\/"}}]}},"_links":{"self":[{"href":"https:\/\/sigma-lampy.com.pl\/en\/wp-json\/wp\/v2\/pages\/386"}],"collection":[{"href":"https:\/\/sigma-lampy.com.pl\/en\/wp-json\/wp\/v2\/pages"}],"about":[{"href":"https:\/\/sigma-lampy.com.pl\/en\/wp-json\/wp\/v2\/types\/page"}],"author":[{"embeddable":true,"href":"https:\/\/sigma-lampy.com.pl\/en\/wp-json\/wp\/v2\/users\/1"}],"replies":[{"embeddable":true,"href":"https:\/\/sigma-lampy.com.pl\/en\/wp-json\/wp\/v2\/comments?post=386"}],"version-history":[{"count":0,"href":"https:\/\/sigma-lampy.com.pl\/en\/wp-json\/wp\/v2\/pages\/386\/revisions"}],"wp:attachment":[{"href":"https:\/\/sigma-lampy.com.pl\/en\/wp-json\/wp\/v2\/media?parent=386"}],"curies":[{"name":"wp","href":"https:\/\/api.w.org\/{rel}","templated":true}]}}