{"id":36894,"date":"2025-05-24T02:51:37","date_gmt":"2025-05-24T00:51:37","guid":{"rendered":"https:\/\/sigma-lampy.com.pl\/?post_type=product&#038;p=36894"},"modified":"2025-05-24T02:52:26","modified_gmt":"2025-05-24T00:52:26","slug":"lampa-wiszaca-sopel-premium-5-kolo-dlugi-zloty-szczotkowany-40965","status":"publish","type":"product","link":"https:\/\/sigma-lampy.com.pl\/de\/oferta\/lampa-wiszaca-sopel-premium-5-kolo-dlugi-zloty-szczotkowany-40965\/","title":{"rendered":"Lampa wisz\u0105ca SOPEL PREMIUM 5 KO\u0141O d\u0142ugi z\u0142oty szczotkowany 40965"},"content":{"rendered":"","protected":false},"excerpt":{"rendered":"[opis_pl]\n","protected":false},"featured_media":36898,"template":"","meta":[],"product_cat":[1510,35,1511],"product_tag":[],"acf":{"product_code":"40965","product_color":"z\u0142oty szczotkowany","product_material":"stal mosi\u0105dzowana","light_source":"5 x G9","light_color":"","luminous_flux":"","voltage":"max 3W LED","protection_class":"","protection_index":"IP20","product_weight":"","dimmensions":"20 x 20 x max 155 cm","shade_dimmensions":"2,5 x 75 cm","regulated_hight":"tak","installation":"wspornik","installation_custom":"","split":"tak","type":"lampa wisz\u0105ca","additional_info":"","description":"","video_title":"","video_embed":""},"yoast_head":"<!-- This site is optimized with the Yoast SEO plugin v21.7 - https:\/\/yoast.com\/wordpress\/plugins\/seo\/ -->\n<title>Lampa wisz\u0105ca SOPEL PREMIUM 5 KO\u0141O d\u0142ugi z\u0142oty szczotkowany 40965 - Sigma<\/title>\n<meta name=\"robots\" content=\"index, follow, max-snippet:-1, max-image-preview:large, max-video-preview:-1\" \/>\n<link rel=\"canonical\" href=\"https:\/\/sigma-lampy.com.pl\/de\/oferta\/lampa-wiszaca-sopel-premium-5-kolo-dlugi-zloty-szczotkowany-40965\/\" \/>\n<meta property=\"og:locale\" content=\"de_DE\" \/>\n<meta property=\"og:type\" content=\"article\" \/>\n<meta property=\"og:title\" content=\"Lampa wisz\u0105ca SOPEL PREMIUM 5 KO\u0141O d\u0142ugi z\u0142oty szczotkowany 40965 - Sigma\" \/>\n<meta property=\"og:url\" content=\"https:\/\/sigma-lampy.com.pl\/de\/oferta\/lampa-wiszaca-sopel-premium-5-kolo-dlugi-zloty-szczotkowany-40965\/\" \/>\n<meta property=\"og:site_name\" content=\"Sigma\" \/>\n<meta property=\"article:modified_time\" content=\"2025-05-24T00:52:26+00:00\" \/>\n<meta property=\"og:image\" content=\"https:\/\/sigma-lampy.com.pl\/wp-content\/uploads\/40964-SOPEL-PREMIUM-3-dlugi-zloty-szczotkowany.jpg\" \/>\n\t<meta property=\"og:image:width\" content=\"800\" \/>\n\t<meta property=\"og:image:height\" content=\"1200\" \/>\n\t<meta property=\"og:image:type\" content=\"image\/jpeg\" \/>\n<meta name=\"twitter:card\" content=\"summary_large_image\" \/>\n<meta name=\"twitter:description\" content=\"[opis_pl]\" \/>\n<meta name=\"twitter:label1\" content=\"Gesch\u00e4tzte Lesezeit\" \/>\n\t<meta name=\"twitter:data1\" content=\"1\u00a0Minute\" \/>\n<script type=\"application\/ld+json\" class=\"yoast-schema-graph\">{\"@context\":\"https:\/\/schema.org\",\"@graph\":[{\"@type\":\"WebPage\",\"@id\":\"https:\/\/sigma-lampy.com.pl\/de\/oferta\/lampa-wiszaca-sopel-premium-5-kolo-dlugi-zloty-szczotkowany-40965\/\",\"url\":\"https:\/\/sigma-lampy.com.pl\/de\/oferta\/lampa-wiszaca-sopel-premium-5-kolo-dlugi-zloty-szczotkowany-40965\/\",\"name\":\"Lampa wisz\u0105ca SOPEL PREMIUM 5 KO\u0141O d\u0142ugi z\u0142oty szczotkowany 40965 - Sigma\",\"isPartOf\":{\"@id\":\"https:\/\/sigma-lampy.com.pl\/#website\"},\"datePublished\":\"2025-05-24T00:51:37+00:00\",\"dateModified\":\"2025-05-24T00:52:26+00:00\",\"breadcrumb\":{\"@id\":\"https:\/\/sigma-lampy.com.pl\/de\/oferta\/lampa-wiszaca-sopel-premium-5-kolo-dlugi-zloty-szczotkowany-40965\/#breadcrumb\"},\"inLanguage\":\"de\",\"potentialAction\":[{\"@type\":\"ReadAction\",\"target\":[\"https:\/\/sigma-lampy.com.pl\/de\/oferta\/lampa-wiszaca-sopel-premium-5-kolo-dlugi-zloty-szczotkowany-40965\/\"]}]},{\"@type\":\"BreadcrumbList\",\"@id\":\"https:\/\/sigma-lampy.com.pl\/de\/oferta\/lampa-wiszaca-sopel-premium-5-kolo-dlugi-zloty-szczotkowany-40965\/#breadcrumb\",\"itemListElement\":[{\"@type\":\"ListItem\",\"position\":1,\"name\":\"Strona g\u0142\u00f3wna\",\"item\":\"https:\/\/sigma-lampy.com.pl\/de\/\"},{\"@type\":\"ListItem\",\"position\":2,\"name\":\"Angebot\",\"item\":\"https:\/\/sigma-lampy.com.pl\/de\/angebot\/\"},{\"@type\":\"ListItem\",\"position\":3,\"name\":\"Lampa wisz\u0105ca SOPEL PREMIUM 5 KO\u0141O d\u0142ugi z\u0142oty szczotkowany 40965\"}]},{\"@type\":\"WebSite\",\"@id\":\"https:\/\/sigma-lampy.com.pl\/#website\",\"url\":\"https:\/\/sigma-lampy.com.pl\/\",\"name\":\"Sigma\",\"description\":\"Producent Lamp\",\"publisher\":{\"@id\":\"https:\/\/sigma-lampy.com.pl\/#organization\"},\"potentialAction\":[{\"@type\":\"SearchAction\",\"target\":{\"@type\":\"EntryPoint\",\"urlTemplate\":\"https:\/\/sigma-lampy.com.pl\/?s={search_term_string}\"},\"query-input\":\"required name=search_term_string\"}],\"inLanguage\":\"de\"},{\"@type\":\"Organization\",\"@id\":\"https:\/\/sigma-lampy.com.pl\/#organization\",\"name\":\"Sigma\",\"url\":\"https:\/\/sigma-lampy.com.pl\/\",\"logo\":{\"@type\":\"ImageObject\",\"inLanguage\":\"de\",\"@id\":\"https:\/\/sigma-lampy.com.pl\/#\/schema\/logo\/image\/\",\"url\":\"https:\/\/sigma-lampy.com.pl\/wp-content\/uploads\/sigma-logo.svg\",\"contentUrl\":\"https:\/\/sigma-lampy.com.pl\/wp-content\/uploads\/sigma-logo.svg\",\"width\":425.2,\"height\":425.2,\"caption\":\"Sigma\"},\"image\":{\"@id\":\"https:\/\/sigma-lampy.com.pl\/#\/schema\/logo\/image\/\"}}]}<\/script>\n<!-- \/ Yoast SEO plugin. -->","yoast_head_json":{"title":"Lampa wisz\u0105ca SOPEL PREMIUM 5 KO\u0141O d\u0142ugi z\u0142oty szczotkowany 40965 - Sigma","robots":{"index":"index","follow":"follow","max-snippet":"max-snippet:-1","max-image-preview":"max-image-preview:large","max-video-preview":"max-video-preview:-1"},"canonical":"https:\/\/sigma-lampy.com.pl\/de\/oferta\/lampa-wiszaca-sopel-premium-5-kolo-dlugi-zloty-szczotkowany-40965\/","og_locale":"de_DE","og_type":"article","og_title":"Lampa wisz\u0105ca SOPEL PREMIUM 5 KO\u0141O d\u0142ugi z\u0142oty szczotkowany 40965 - Sigma","og_url":"https:\/\/sigma-lampy.com.pl\/de\/oferta\/lampa-wiszaca-sopel-premium-5-kolo-dlugi-zloty-szczotkowany-40965\/","og_site_name":"Sigma","article_modified_time":"2025-05-24T00:52:26+00:00","og_image":[{"width":800,"height":1200,"url":"https:\/\/sigma-lampy.com.pl\/wp-content\/uploads\/40964-SOPEL-PREMIUM-3-dlugi-zloty-szczotkowany.jpg","type":"image\/jpeg"}],"twitter_card":"summary_large_image","twitter_description":"[opis_pl]","twitter_misc":{"Gesch\u00e4tzte Lesezeit":"1\u00a0Minute"},"schema":{"@context":"https:\/\/schema.org","@graph":[{"@type":"WebPage","@id":"https:\/\/sigma-lampy.com.pl\/de\/oferta\/lampa-wiszaca-sopel-premium-5-kolo-dlugi-zloty-szczotkowany-40965\/","url":"https:\/\/sigma-lampy.com.pl\/de\/oferta\/lampa-wiszaca-sopel-premium-5-kolo-dlugi-zloty-szczotkowany-40965\/","name":"Lampa wisz\u0105ca SOPEL PREMIUM 5 KO\u0141O d\u0142ugi z\u0142oty szczotkowany 40965 - Sigma","isPartOf":{"@id":"https:\/\/sigma-lampy.com.pl\/#website"},"datePublished":"2025-05-24T00:51:37+00:00","dateModified":"2025-05-24T00:52:26+00:00","breadcrumb":{"@id":"https:\/\/sigma-lampy.com.pl\/de\/oferta\/lampa-wiszaca-sopel-premium-5-kolo-dlugi-zloty-szczotkowany-40965\/#breadcrumb"},"inLanguage":"de","potentialAction":[{"@type":"ReadAction","target":["https:\/\/sigma-lampy.com.pl\/de\/oferta\/lampa-wiszaca-sopel-premium-5-kolo-dlugi-zloty-szczotkowany-40965\/"]}]},{"@type":"BreadcrumbList","@id":"https:\/\/sigma-lampy.com.pl\/de\/oferta\/lampa-wiszaca-sopel-premium-5-kolo-dlugi-zloty-szczotkowany-40965\/#breadcrumb","itemListElement":[{"@type":"ListItem","position":1,"name":"Strona g\u0142\u00f3wna","item":"https:\/\/sigma-lampy.com.pl\/de\/"},{"@type":"ListItem","position":2,"name":"Angebot","item":"https:\/\/sigma-lampy.com.pl\/de\/angebot\/"},{"@type":"ListItem","position":3,"name":"Lampa wisz\u0105ca SOPEL PREMIUM 5 KO\u0141O d\u0142ugi z\u0142oty szczotkowany 40965"}]},{"@type":"WebSite","@id":"https:\/\/sigma-lampy.com.pl\/#website","url":"https:\/\/sigma-lampy.com.pl\/","name":"Sigma","description":"Producent Lamp","publisher":{"@id":"https:\/\/sigma-lampy.com.pl\/#organization"},"potentialAction":[{"@type":"SearchAction","target":{"@type":"EntryPoint","urlTemplate":"https:\/\/sigma-lampy.com.pl\/?s={search_term_string}"},"query-input":"required name=search_term_string"}],"inLanguage":"de"},{"@type":"Organization","@id":"https:\/\/sigma-lampy.com.pl\/#organization","name":"Sigma","url":"https:\/\/sigma-lampy.com.pl\/","logo":{"@type":"ImageObject","inLanguage":"de","@id":"https:\/\/sigma-lampy.com.pl\/#\/schema\/logo\/image\/","url":"https:\/\/sigma-lampy.com.pl\/wp-content\/uploads\/sigma-logo.svg","contentUrl":"https:\/\/sigma-lampy.com.pl\/wp-content\/uploads\/sigma-logo.svg","width":425.2,"height":425.2,"caption":"Sigma"},"image":{"@id":"https:\/\/sigma-lampy.com.pl\/#\/schema\/logo\/image\/"}}]}},"_links":{"self":[{"href":"https:\/\/sigma-lampy.com.pl\/de\/wp-json\/wp\/v2\/product\/36894"}],"collection":[{"href":"https:\/\/sigma-lampy.com.pl\/de\/wp-json\/wp\/v2\/product"}],"about":[{"href":"https:\/\/sigma-lampy.com.pl\/de\/wp-json\/wp\/v2\/types\/product"}],"wp:featuredmedia":[{"embeddable":true,"href":"https:\/\/sigma-lampy.com.pl\/de\/wp-json\/wp\/v2\/media\/36898"}],"wp:attachment":[{"href":"https:\/\/sigma-lampy.com.pl\/de\/wp-json\/wp\/v2\/media?parent=36894"}],"wp:term":[{"taxonomy":"product_cat","embeddable":true,"href":"https:\/\/sigma-lampy.com.pl\/de\/wp-json\/wp\/v2\/product_cat?post=36894"},{"taxonomy":"product_tag","embeddable":true,"href":"https:\/\/sigma-lampy.com.pl\/de\/wp-json\/wp\/v2\/product_tag?post=36894"}],"curies":[{"name":"wp","href":"https:\/\/api.w.org\/{rel}","templated":true}]}}