{"id":19421,"date":"2022-05-31T11:50:55","date_gmt":"2022-05-31T09:50:55","guid":{"rendered":"https:\/\/sigma-lampy.com.pl\/?page_id=19421"},"modified":"2023-11-29T09:45:56","modified_gmt":"2023-11-29T08:45:56","slug":"uber-uns","status":"publish","type":"page","link":"https:\/\/sigma-lampy.com.pl\/de\/uber-uns\/","title":{"rendered":"\u00dcber uns"},"content":{"rendered":"<h1 style=\"text-align: center;\">SIGMA LIGHTING \u2013 SEIT 1996<\/h1>\n<div style=\"text-align: left;\">\n<h3>Seit 1996 in Polen hergestellte Leuchten<\/h3>\n<p>Wir sind ein polnischer Hersteller von dekorativer Beleuchtung f\u00fcr Innenr\u00e4ume, der seit 27 Jahren auf dem Markt t\u00e4tig ist. Seit 1996 entwickeln und gestalten wir mit Leidenschaft und Engagement Leuchten, die Wohn- und Gesch\u00e4ftsr\u00e4ume in Polen und auf der ganzen Welt schm\u00fccken. Jedes Modell unserer Leuchten wird in Polen, in unserer Produktionsst\u00e4tte in Cz\u0119stochowa, hergestellt. Im Produktionsprozess setzen wir auf polnische Komponenten.<\/p>\n<p><\/p>\n<h3>Hohe Qualit\u00e4t<\/h3>\n<p>Alle unsere Leuchten werden aus den hochwertigsten Materialien hergestellt. Die Komponenten verf\u00fcgen \u00fcber die erforderlichen Bescheinigungen und Zertifikate f\u00fcr die \u00dcbereinstimmung mit allen Normen. Der Produktionsprozess der Leuchten Sigma basiert auf modernen Technologien, die es uns erm\u00f6glichen, Beleuchtungen von h\u00f6chster Qualit\u00e4t, mit Liebe zum Detail und der erforderlichen Wiederholbarkeit herzustellen. Im Produktionsprozess verwenden wir unter anderem einen Laser zum Schneiden von Blechen, einen Laser zum Schneiden von Rohren und eine moderne CNC-Maschine mit der Freiform-Technologie.<\/p>\n<p><\/p>\n<h2>Umfangreiches Angebot<\/h2>\n<p>Deckenleuchten, Pendelleuchten, Wandleuchten, Nachttisch- und Stehleuchten \u2013 in unserem Angebot finden Sie alles, was die geschmackvollsten Lichtquellen f\u00fcr Ihr Zuhause ausmacht. Sie k\u00f6nnen zwischen Tausenden von verschiedenen Designs ausw\u00e4hlen, die von aktuellen Trends aus aller Welt inspiriert sind. Unser Angebot wird st\u00e4ndig erweitert und aktualisiert. Jedes Jahr bringen wir Dutzende neuer Modelle auf den Markt, die schnell an Beliebtheit und Anerkennung bei den Kunden gewinnen.<\/p>\n<p><\/p>\n<h2>Vertrieb<\/h2>\n<p>Zeitloses Design im Einklang mit globalen Trends, Funktionalit\u00e4t und hohe Qualit\u00e4t sorgen daf\u00fcr, dass unsere Leuchten nicht nur auf dem heimischen Markt, sondern auch im Ausland sehr gesch\u00e4tzt werden. Die Beleuchtung Sigma ist in Online-Lichtshops und Baum\u00e4rkten im ganzen Land erh\u00e4ltlich. 60 % unserer Produktion gehen an ausl\u00e4ndische Kunden aus Frankreich, Deutschland, der Tschechischen Republik, Ungarn, der Ukraine, Litauen, Lettland und Finnland. Der Stamm unserer in- und ausl\u00e4ndischen Kunden w\u00e4chst st\u00e4ndig.<\/p>\n<p>Wir laden Sie ein, sich mit unserem Angebot und Produktkatalog vertraut zu machen.<\/p>\n","protected":false},"excerpt":{"rendered":"<p>SIGMA LIGHTING \u2013 SEIT 1996 Seit 1996 in Polen hergestellte Leuchten Wir sind ein polnischer Hersteller von dekorativer Beleuchtung f\u00fcr Innenr\u00e4ume, der seit 27 Jahren auf dem Markt t\u00e4tig ist. Seit 1996 entwickeln und gestalten wir mit Leidenschaft und Engagement Leuchten, die Wohn- und Gesch\u00e4ftsr\u00e4ume in Polen und auf der ganzen Welt schm\u00fccken. Jedes Modell unserer Leuchten wird in Polen, in unserer Produktionsst\u00e4tte in Cz\u0119stochowa, hergestellt. Im Produktionsprozess setzen wir auf polnische Komponenten. Hohe Qualit\u00e4t Alle unsere Leuchten werden aus den hochwertigsten Materialien hergestellt. Die Komponenten verf\u00fcgen \u00fcber die erforderlichen Bescheinigungen und Zertifikate f\u00fcr die \u00dcbereinstimmung mit allen Normen. Der &#8230; <\/p>\n<p class=\"read-more-container\"><a title=\"\u00dcber uns\" class=\"read-more button\" href=\"https:\/\/sigma-lampy.com.pl\/de\/uber-uns\/#more-19421\" aria-label=\"Mehr zu \u00dcber uns\">Czytaj Dalej<\/a><\/p>\n","protected":false},"author":6,"featured_media":0,"parent":0,"menu_order":0,"comment_status":"closed","ping_status":"closed","template":"","meta":{"footnotes":""},"acf":[],"yoast_head":"<!-- This site is optimized with the Yoast SEO plugin v21.7 - https:\/\/yoast.com\/wordpress\/plugins\/seo\/ -->\n<title>\u00dcber uns - Sigma<\/title>\n<meta name=\"robots\" content=\"index, follow, max-snippet:-1, max-image-preview:large, max-video-preview:-1\" \/>\n<link rel=\"canonical\" href=\"https:\/\/sigma-lampy.com.pl\/de\/uber-uns\/\" \/>\n<meta property=\"og:locale\" content=\"de_DE\" \/>\n<meta property=\"og:type\" content=\"article\" \/>\n<meta property=\"og:title\" content=\"\u00dcber uns - Sigma\" \/>\n<meta property=\"og:description\" content=\"SIGMA LIGHTING \u2013 SEIT 1996 Seit 1996 in Polen hergestellte Leuchten Wir sind ein polnischer Hersteller von dekorativer Beleuchtung f\u00fcr Innenr\u00e4ume, der seit 27 Jahren auf dem Markt t\u00e4tig ist. Seit 1996 entwickeln und gestalten wir mit Leidenschaft und Engagement Leuchten, die Wohn- und Gesch\u00e4ftsr\u00e4ume in Polen und auf der ganzen Welt schm\u00fccken. Jedes Modell unserer Leuchten wird in Polen, in unserer Produktionsst\u00e4tte in Cz\u0119stochowa, hergestellt. Im Produktionsprozess setzen wir auf polnische Komponenten. Hohe Qualit\u00e4t Alle unsere Leuchten werden aus den hochwertigsten Materialien hergestellt. Die Komponenten verf\u00fcgen \u00fcber die erforderlichen Bescheinigungen und Zertifikate f\u00fcr die \u00dcbereinstimmung mit allen Normen. Der ... Czytaj Dalej\" \/>\n<meta property=\"og:url\" content=\"https:\/\/sigma-lampy.com.pl\/de\/uber-uns\/\" \/>\n<meta property=\"og:site_name\" content=\"Sigma\" \/>\n<meta property=\"article:modified_time\" content=\"2023-11-29T08:45:56+00:00\" \/>\n<meta name=\"twitter:card\" content=\"summary_large_image\" \/>\n<meta name=\"twitter:label1\" content=\"Gesch\u00e4tzte Lesezeit\" \/>\n\t<meta name=\"twitter:data1\" content=\"2\u00a0Minuten\" \/>\n<script type=\"application\/ld+json\" class=\"yoast-schema-graph\">{\"@context\":\"https:\/\/schema.org\",\"@graph\":[{\"@type\":\"WebPage\",\"@id\":\"https:\/\/sigma-lampy.com.pl\/de\/uber-uns\/\",\"url\":\"https:\/\/sigma-lampy.com.pl\/de\/uber-uns\/\",\"name\":\"\u00dcber uns - Sigma\",\"isPartOf\":{\"@id\":\"https:\/\/sigma-lampy.com.pl\/#website\"},\"datePublished\":\"2022-05-31T09:50:55+00:00\",\"dateModified\":\"2023-11-29T08:45:56+00:00\",\"breadcrumb\":{\"@id\":\"https:\/\/sigma-lampy.com.pl\/de\/uber-uns\/#breadcrumb\"},\"inLanguage\":\"de\",\"potentialAction\":[{\"@type\":\"ReadAction\",\"target\":[\"https:\/\/sigma-lampy.com.pl\/de\/uber-uns\/\"]}]},{\"@type\":\"BreadcrumbList\",\"@id\":\"https:\/\/sigma-lampy.com.pl\/de\/uber-uns\/#breadcrumb\",\"itemListElement\":[{\"@type\":\"ListItem\",\"position\":1,\"name\":\"Strona g\u0142\u00f3wna\",\"item\":\"https:\/\/sigma-lampy.com.pl\/de\/\"},{\"@type\":\"ListItem\",\"position\":2,\"name\":\"\u00dcber uns\"}]},{\"@type\":\"WebSite\",\"@id\":\"https:\/\/sigma-lampy.com.pl\/#website\",\"url\":\"https:\/\/sigma-lampy.com.pl\/\",\"name\":\"Sigma\",\"description\":\"Producent Lamp\",\"publisher\":{\"@id\":\"https:\/\/sigma-lampy.com.pl\/#organization\"},\"potentialAction\":[{\"@type\":\"SearchAction\",\"target\":{\"@type\":\"EntryPoint\",\"urlTemplate\":\"https:\/\/sigma-lampy.com.pl\/?s={search_term_string}\"},\"query-input\":\"required name=search_term_string\"}],\"inLanguage\":\"de\"},{\"@type\":\"Organization\",\"@id\":\"https:\/\/sigma-lampy.com.pl\/#organization\",\"name\":\"Sigma\",\"url\":\"https:\/\/sigma-lampy.com.pl\/\",\"logo\":{\"@type\":\"ImageObject\",\"inLanguage\":\"de\",\"@id\":\"https:\/\/sigma-lampy.com.pl\/#\/schema\/logo\/image\/\",\"url\":\"https:\/\/sigma-lampy.com.pl\/wp-content\/uploads\/sigma-logo.svg\",\"contentUrl\":\"https:\/\/sigma-lampy.com.pl\/wp-content\/uploads\/sigma-logo.svg\",\"width\":425.2,\"height\":425.2,\"caption\":\"Sigma\"},\"image\":{\"@id\":\"https:\/\/sigma-lampy.com.pl\/#\/schema\/logo\/image\/\"}}]}<\/script>\n<!-- \/ Yoast SEO plugin. -->","yoast_head_json":{"title":"\u00dcber uns - Sigma","robots":{"index":"index","follow":"follow","max-snippet":"max-snippet:-1","max-image-preview":"max-image-preview:large","max-video-preview":"max-video-preview:-1"},"canonical":"https:\/\/sigma-lampy.com.pl\/de\/uber-uns\/","og_locale":"de_DE","og_type":"article","og_title":"\u00dcber uns - Sigma","og_description":"SIGMA LIGHTING \u2013 SEIT 1996 Seit 1996 in Polen hergestellte Leuchten Wir sind ein polnischer Hersteller von dekorativer Beleuchtung f\u00fcr Innenr\u00e4ume, der seit 27 Jahren auf dem Markt t\u00e4tig ist. Seit 1996 entwickeln und gestalten wir mit Leidenschaft und Engagement Leuchten, die Wohn- und Gesch\u00e4ftsr\u00e4ume in Polen und auf der ganzen Welt schm\u00fccken. Jedes Modell unserer Leuchten wird in Polen, in unserer Produktionsst\u00e4tte in Cz\u0119stochowa, hergestellt. Im Produktionsprozess setzen wir auf polnische Komponenten. Hohe Qualit\u00e4t Alle unsere Leuchten werden aus den hochwertigsten Materialien hergestellt. Die Komponenten verf\u00fcgen \u00fcber die erforderlichen Bescheinigungen und Zertifikate f\u00fcr die \u00dcbereinstimmung mit allen Normen. Der ... Czytaj Dalej","og_url":"https:\/\/sigma-lampy.com.pl\/de\/uber-uns\/","og_site_name":"Sigma","article_modified_time":"2023-11-29T08:45:56+00:00","twitter_card":"summary_large_image","twitter_misc":{"Gesch\u00e4tzte Lesezeit":"2\u00a0Minuten"},"schema":{"@context":"https:\/\/schema.org","@graph":[{"@type":"WebPage","@id":"https:\/\/sigma-lampy.com.pl\/de\/uber-uns\/","url":"https:\/\/sigma-lampy.com.pl\/de\/uber-uns\/","name":"\u00dcber uns - Sigma","isPartOf":{"@id":"https:\/\/sigma-lampy.com.pl\/#website"},"datePublished":"2022-05-31T09:50:55+00:00","dateModified":"2023-11-29T08:45:56+00:00","breadcrumb":{"@id":"https:\/\/sigma-lampy.com.pl\/de\/uber-uns\/#breadcrumb"},"inLanguage":"de","potentialAction":[{"@type":"ReadAction","target":["https:\/\/sigma-lampy.com.pl\/de\/uber-uns\/"]}]},{"@type":"BreadcrumbList","@id":"https:\/\/sigma-lampy.com.pl\/de\/uber-uns\/#breadcrumb","itemListElement":[{"@type":"ListItem","position":1,"name":"Strona g\u0142\u00f3wna","item":"https:\/\/sigma-lampy.com.pl\/de\/"},{"@type":"ListItem","position":2,"name":"\u00dcber uns"}]},{"@type":"WebSite","@id":"https:\/\/sigma-lampy.com.pl\/#website","url":"https:\/\/sigma-lampy.com.pl\/","name":"Sigma","description":"Producent Lamp","publisher":{"@id":"https:\/\/sigma-lampy.com.pl\/#organization"},"potentialAction":[{"@type":"SearchAction","target":{"@type":"EntryPoint","urlTemplate":"https:\/\/sigma-lampy.com.pl\/?s={search_term_string}"},"query-input":"required name=search_term_string"}],"inLanguage":"de"},{"@type":"Organization","@id":"https:\/\/sigma-lampy.com.pl\/#organization","name":"Sigma","url":"https:\/\/sigma-lampy.com.pl\/","logo":{"@type":"ImageObject","inLanguage":"de","@id":"https:\/\/sigma-lampy.com.pl\/#\/schema\/logo\/image\/","url":"https:\/\/sigma-lampy.com.pl\/wp-content\/uploads\/sigma-logo.svg","contentUrl":"https:\/\/sigma-lampy.com.pl\/wp-content\/uploads\/sigma-logo.svg","width":425.2,"height":425.2,"caption":"Sigma"},"image":{"@id":"https:\/\/sigma-lampy.com.pl\/#\/schema\/logo\/image\/"}}]}},"_links":{"self":[{"href":"https:\/\/sigma-lampy.com.pl\/de\/wp-json\/wp\/v2\/pages\/19421"}],"collection":[{"href":"https:\/\/sigma-lampy.com.pl\/de\/wp-json\/wp\/v2\/pages"}],"about":[{"href":"https:\/\/sigma-lampy.com.pl\/de\/wp-json\/wp\/v2\/types\/page"}],"author":[{"embeddable":true,"href":"https:\/\/sigma-lampy.com.pl\/de\/wp-json\/wp\/v2\/users\/6"}],"replies":[{"embeddable":true,"href":"https:\/\/sigma-lampy.com.pl\/de\/wp-json\/wp\/v2\/comments?post=19421"}],"version-history":[{"count":2,"href":"https:\/\/sigma-lampy.com.pl\/de\/wp-json\/wp\/v2\/pages\/19421\/revisions"}],"predecessor-version":[{"id":31095,"href":"https:\/\/sigma-lampy.com.pl\/de\/wp-json\/wp\/v2\/pages\/19421\/revisions\/31095"}],"wp:attachment":[{"href":"https:\/\/sigma-lampy.com.pl\/de\/wp-json\/wp\/v2\/media?parent=19421"}],"curies":[{"name":"wp","href":"https:\/\/api.w.org\/{rel}","templated":true}]}}